{"id":36,"date":"2017-02-16T09:13:19","date_gmt":"2017-02-16T08:13:19","guid":{"rendered":"http:\/\/mxajfmgl.preview.infomaniak.website\/?page_id=36"},"modified":"2020-11-30T16:32:09","modified_gmt":"2020-11-30T15:32:09","slug":"accueil","status":"publish","type":"page","link":"https:\/\/pierremoussey.com\/","title":{"rendered":"Accueil"},"content":{"rendered":"\n[et_pb_section fb_built=\u00a0\u00bb1&Prime; _builder_version=\u00a0\u00bb4.4.4&Prime;][et_pb_row column_structure=\u00a0\u00bb1_5,3_5,1_5&Prime; _builder_version=\u00a0\u00bb4.4.7&Prime; hover_enabled=\u00a0\u00bb0&Prime; title_text=\u00a0\u00bbConfettis 3&Prime; background_image=\u00a0\u00bbhttps:\/\/pierremoussey.com\/wp-content\/uploads\/2020\/10\/Confettis-3.png\u00a0\u00bb background_size=\u00a0\u00bbcontain\u00a0\u00bb background_position=\u00a0\u00bbcenter_left\u00a0\u00bb][et_pb_column type=\u00a0\u00bb1_5&Prime; _builder_version=\u00a0\u00bb4.4.4&Prime;][\/et_pb_column][et_pb_column type=\u00a0\u00bb3_5&Prime; _builder_version=\u00a0\u00bb4.4.4&Prime;][et_pb_text _builder_version=\u00a0\u00bb4.4.4&Prime; quote_text_align=\u00a0\u00bbjustify\u00a0\u00bb width=\u00a0\u00bb99.3%\u00a0\u00bb module_alignment=\u00a0\u00bbcenter\u00a0\u00bb custom_margin=\u00a0\u00bb23px|||3px|false|false\u00a0\u00bb custom_padding=\u00a0\u00bb|0px||||\u00a0\u00bb]<p class=\"p1\" style=\"text-align: justify;\"><span class=\"s1\">Quand j\u2019\u00e9tais enfant, \u00e0 la question : \u00ab\u00a0Qu\u2019est-ce que tu veux faire quand tu seras grand ?\u00a0\u00bb, je r\u00e9pondais syst\u00e9matiquement : \u00ab\u00a0Inventeur !\u00a0\u00bb. Je passais des heures \u00e0 imaginer un atelier en bazar, avec des ressorts, des courroies, des engrenages de partout. Je voulais inventer des machines extraordinaires pour rendre possibles des id\u00e9es impossibles, pour jouer avec les autres, pour mettre de la joie dans la vie des gens. Aujourd\u2019hui, j\u2019essaie d\u2019\u00eatre \u00e0 la hauteur de ce r\u00eave. Dans mon atelier, les livres ont remplac\u00e9 les fers \u00e0 souder et mes machines sont construites avec des mots, mais qu\u2019importe. J\u2019invente. J\u2019invente une mani\u00e8re d\u2019\u00eatre au monde. J\u2019invente des formules. J\u2019invente des histoires. J\u2019invente des moments. J\u2019invente un tas d\u2019autres choses encore\u2026 <\/span><\/p>[\/et_pb_text][\/et_pb_column][et_pb_column type=\u00a0\u00bb1_5&Prime; _builder_version=\u00a0\u00bb4.4.4&Prime;][\/et_pb_column][\/et_pb_row][et_pb_row column_structure=\u00a0\u00bb1_2,1_2&Prime; _builder_version=\u00a0\u00bb4.4.7&Prime; custom_margin=\u00a0\u00bb-32px|auto||auto||\u00a0\u00bb hover_enabled=\u00a0\u00bb0&Prime; title_text=\u00a0\u00bbExplo\u00a0\u00bb background_size=\u00a0\u00bbcontain\u00a0\u00bb background_position=\u00a0\u00bbcenter_right\u00a0\u00bb background__hover_enabled=\u00a0\u00bboff|desktop\u00a0\u00bb background_color__hover=\u00a0\u00bb#ffffff\u00a0\u00bb background_enable_color__hover=\u00a0\u00bbon\u00a0\u00bb background_enable_image__hover=\u00a0\u00bboff\u00a0\u00bb background_enable_image=\u00a0\u00bboff\u00a0\u00bb hover_transition_duration=\u00a0\u00bb1750ms\u00a0\u00bb background_enable_color=\u00a0\u00bboff\u00a0\u00bb][et_pb_column type=\u00a0\u00bb1_2&Prime; _builder_version=\u00a0\u00bb4.4.4&Prime;][et_pb_text _builder_version=\u00a0\u00bb4.4.7&Prime; text_font=\u00a0\u00bb||||||||\u00a0\u00bb header_line_height=\u00a0\u00bb1.5em\u00a0\u00bb min_height=\u00a0\u00bb284px\u00a0\u00bb custom_padding=\u00a0\u00bb40px||||false|false\u00a0\u00bb hover_enabled=\u00a0\u00bb0&Prime; content__hover_enabled=\u00a0\u00bbon|desktop\u00a0\u00bb content__hover=\u00a0\u00bb<h4 class=%22p1%22 style=%22text-align: center;%22><span style=%22text-align: justify;%22>Explorateur de l&rsquo;existence<\/span><\/h4>\n<p class=%22p1%22 style=%22text-align: justify;%22><span class=%22s1%22>Tous les sens en alertes, toujours sur le qui-vive, je m\u2019efforce de d\u00e9couvrir les recoins secrets de l\u2019existence. Pour ce genre d\u2019exp\u00e9dition, pas besoin de partir au bout du monde. Il faut en revanche aiguiser son attention, se rendre disponible aux rencontres, rester joueur et curieux, r\u00e9ussir \u00e0 voir la nouveaut\u00e9 quand elle nous passe sous les yeux ou \u00e0 travers le corps. Et quand elle se pr\u00e9sente, oser se risquer dans l\u2019inconnu, accepter de perdre ses rep\u00e8res, renoncer au confort des chemins familiers. Pour quoi faire ? Juste par curiosit\u00e9. Par go\u00fbt de l\u2019aventure.<\/span><\/p>\n\u00a0\u00bb title_text=\u00a0\u00bbScan_0004&Prime; background_size=\u00a0\u00bbcontain\u00a0\u00bb background_enable_image=\u00a0\u00bboff\u00a0\u00bb hover_transition_duration=\u00a0\u00bb0ms\u00a0\u00bb content_last_edited=\u00a0\u00bboff|tablet\u00a0\u00bb]<h1><\/h1>\n<h1><\/h1>\n<h1><\/h1>\n<p>&nbsp;<\/p>\n<p>&nbsp;<\/p>\n<h1><img loading=\"lazy\" decoding=\"async\" src=\"https:\/\/pierremoussey.com\/wp-content\/uploads\/2020\/11\/Explo.png\" width=\"1004\" height=\"180\" alt=\"\" class=\"wp-image-29412 alignnone size-full\" style=\"display: block; margin-left: auto; margin-right: auto;\" srcset=\"https:\/\/pierremoussey.com\/wp-content\/uploads\/2020\/11\/Explo.png 1004w, https:\/\/pierremoussey.com\/wp-content\/uploads\/2020\/11\/Explo-980x176.png 980w, https:\/\/pierremoussey.com\/wp-content\/uploads\/2020\/11\/Explo-480x86.png 480w\" sizes=\"auto, (min-width: 0px) and (max-width: 480px) 480px, (min-width: 481px) and (max-width: 980px) 980px, (min-width: 981px) 1004px, 100vw\" \/><\/h1>[\/et_pb_text][\/et_pb_column][et_pb_column type=\u00a0\u00bb1_2&Prime; _builder_version=\u00a0\u00bb4.4.4&Prime;][et_pb_image src=\u00a0\u00bbhttps:\/\/pierremoussey.com\/wp-content\/uploads\/2020\/09\/explorateur-de-lexistence-illu.png\u00a0\u00bb title_text=\u00a0\u00bbexplorateur de l&rsquo;existence illu\u00a0\u00bb _builder_version=\u00a0\u00bb4.4.7&Prime;][\/et_pb_image][\/et_pb_column][\/et_pb_row][et_pb_row column_structure=\u00a0\u00bb1_2,1_2&Prime; _builder_version=\u00a0\u00bb4.4.4&Prime;][et_pb_column type=\u00a0\u00bb1_2&Prime; _builder_version=\u00a0\u00bb4.4.4&Prime;][et_pb_image src=\u00a0\u00bbhttps:\/\/pierremoussey.com\/wp-content\/uploads\/2020\/09\/bricoleur-de-sortile\u0300ges.png\u00a0\u00bb title_text=\u00a0\u00bbbricoleur de sortile\u0300ges\u00a0\u00bb _builder_version=\u00a0\u00bb4.4.7&Prime; custom_margin=\u00a0\u00bb||-68px|||\u00a0\u00bb custom_padding=\u00a0\u00bb|87px||87px||\u00a0\u00bb][\/et_pb_image][\/et_pb_column][et_pb_column type=\u00a0\u00bb1_2&Prime; _builder_version=\u00a0\u00bb4.4.4&Prime;][et_pb_text _builder_version=\u00a0\u00bb4.4.7&Prime; text_font=\u00a0\u00bb||||||||\u00a0\u00bb header_line_height=\u00a0\u00bb1.5em\u00a0\u00bb custom_margin=\u00a0\u00bb0px||||false|false\u00a0\u00bb custom_padding=\u00a0\u00bb30px||0px||false|false\u00a0\u00bb hover_enabled=\u00a0\u00bb0&Prime; content__hover_enabled=\u00a0\u00bbon|hover\u00a0\u00bb content__hover=\u00a0\u00bb<h4 class=%22p1%22 style=%22text-align: center;%22><span class=%22s1%22>Bricoleur de sortil\u00e8ges<\/span><\/h4>\n<p class=%22p1%22 style=%22text-align: justify;%22><span class=%22s1%22>On dit que je raconte des histoires, que je cause philosophie, que j\u2019\u00e9cris de la po\u00e9sie. On me croit tour \u00e0 tour auteur, acteur, conteur, po\u00e8te, magicien ou philosophe. En r\u00e9alit\u00e9, je bricole des sortil\u00e8ges. J\u2019utilise la puissance magique du langage et des images. Quand je prends la parole, c\u2019est pour que les mots se taillent un chemin jusqu\u2019aux corps qui \u00e9coutent et remuent cette vie qui les habite. C\u2019est pour qu\u2019ils touchent, troublent, d\u00e9routent ou lib\u00e8rent. C\u2019est pour donner de l\u2019\u00e9lan et du courage. Les sortil\u00e8ges, ce sont des appels d\u2019air qui invitent \u00e0 vivre la vie port\u00e9e \u00e0 une intensit\u00e9 plus belle.<\/span><\/p>\n\u00a0\u00bb custom_margin__hover_enabled=\u00a0\u00bbon|desktop\u00a0\u00bb custom_margin__hover=\u00a0\u00bb||0px||false|false\u00a0\u00bb]<h1><\/h1>\n<p>&nbsp;<\/p>\n<p>&nbsp;<\/p>\n<h1><\/h1>\n<h1><span style=\"font-size: xx-large;\"><img loading=\"lazy\" decoding=\"async\" src=\"https:\/\/pierremoussey.com\/wp-content\/uploads\/2020\/11\/Brico.png\" width=\"1006\" height=\"150\" alt=\"\" class=\"wp-image-29435 alignnone size-full\" srcset=\"https:\/\/pierremoussey.com\/wp-content\/uploads\/2020\/11\/Brico.png 1006w, https:\/\/pierremoussey.com\/wp-content\/uploads\/2020\/11\/Brico-980x146.png 980w, https:\/\/pierremoussey.com\/wp-content\/uploads\/2020\/11\/Brico-480x72.png 480w\" sizes=\"auto, (min-width: 0px) and (max-width: 480px) 480px, (min-width: 481px) and (max-width: 980px) 980px, (min-width: 981px) 1006px, 100vw\" \/><\/span><\/h1>\n<p><span style=\"font-size: xx-large;\"><\/span><\/p>\n<p><span style=\"font-size: xx-large;\"><\/span><\/p>\n<p><span style=\"font-size: xx-large;\"><\/span><\/p>\n<h1><span style=\"font-size: xx-large;\"><\/span><\/h1>\n<h1><\/h1>[\/et_pb_text][\/et_pb_column][\/et_pb_row][et_pb_row column_structure=\u00a0\u00bb1_2,1_2&Prime; _builder_version=\u00a0\u00bb4.4.4&Prime;][et_pb_column type=\u00a0\u00bb1_2&Prime; _builder_version=\u00a0\u00bb4.4.4&Prime;][et_pb_text _builder_version=\u00a0\u00bb4.4.7&Prime; min_height=\u00a0\u00bb328px\u00a0\u00bb custom_margin=\u00a0\u00bb-1px|||||\u00a0\u00bb custom_padding=\u00a0\u00bb60px||||false|false\u00a0\u00bb hover_enabled=\u00a0\u00bb0&Prime; content__hover_enabled=\u00a0\u00bbon|hover\u00a0\u00bb content__hover=\u00a0\u00bb<h4 class=%22p1%22 style=%22text-align: center;%22><span class=%22s1%22>Philosophe de grands chemins<\/span><\/h4>\n<p class=%22p1%22 style=%22text-align: justify;%22><span class=%22s1%22>Autrefois, les bandits de grands chemins s\u2019embusquaient aux abords des routes reliant les grandes villes. Quand un riche marchand passait par l\u00e0, ils le d\u00e9troussaient de ses biens et le laissaient presque nu au milieu des champs. Fid\u00e8le \u00e0 cette tradition, je me tiens \u00e0 proximit\u00e9 des lieux communs de la pens\u00e9e et je d\u00e9valise ceux qui les fr\u00e9quentent de leurs id\u00e9es toutes faites, leur offrant d\u2019\u00e9prouver un rapport nu \u00e0 l\u2019existence, avec malice et g\u00e9n\u00e9rosit\u00e9.<\/span><\/p>\n\u00ab\u00a0]<p>&nbsp;<\/p>\n<p>&nbsp;<\/p>\n<p><img loading=\"lazy\" decoding=\"async\" src=\"https:\/\/pierremoussey.com\/wp-content\/uploads\/2020\/11\/Philo.png\" width=\"1006\" height=\"165\" alt=\"\" class=\"wp-image-29439 alignnone size-full\" srcset=\"https:\/\/pierremoussey.com\/wp-content\/uploads\/2020\/11\/Philo.png 1006w, https:\/\/pierremoussey.com\/wp-content\/uploads\/2020\/11\/Philo-980x161.png 980w, https:\/\/pierremoussey.com\/wp-content\/uploads\/2020\/11\/Philo-480x79.png 480w\" sizes=\"auto, (min-width: 0px) and (max-width: 480px) 480px, (min-width: 481px) and (max-width: 980px) 980px, (min-width: 981px) 1006px, 100vw\" \/><\/p>\n[\/et_pb_text][\/et_pb_column][et_pb_column type=\u00a0\u00bb1_2&Prime; _builder_version=\u00a0\u00bb4.4.4&Prime;][et_pb_image src=\u00a0\u00bbhttps:\/\/pierremoussey.com\/wp-content\/uploads\/2020\/09\/philosphe-de-grand-chemin-illu.png\u00a0\u00bb title_text=\u00a0\u00bbphilosphe de grand chemin illu\u00a0\u00bb _builder_version=\u00a0\u00bb4.4.7&Prime;][\/et_pb_image][\/et_pb_column][\/et_pb_row][\/et_pb_section]\n","protected":false},"excerpt":{"rendered":"<p>Bienvenue sur le site de Pierre Moussey<\/p>\n","protected":false},"author":1,"featured_media":0,"parent":0,"menu_order":0,"comment_status":"closed","ping_status":"closed","template":"","meta":{"_et_pb_use_builder":"on","_et_pb_old_content":"","_et_gb_content_width":"","footnotes":""},"class_list":["post-36","page","type-page","status-publish","hentry"],"yoast_head":"<!-- This site is optimized with the Yoast SEO plugin v15.3 - https:\/\/yoast.com\/wordpress\/plugins\/seo\/ -->\n<title>Accueil - Pierre Moussey<\/title>\n<meta name=\"description\" content=\"Bienvenue sur le site de Pierre Moussey\" \/>\n<meta name=\"robots\" content=\"index, follow, max-snippet:-1, max-image-preview:large, max-video-preview:-1\" \/>\n<link rel=\"canonical\" href=\"https:\/\/pierremoussey.com\/\" \/>\n<meta property=\"og:locale\" content=\"fr_FR\" \/>\n<meta property=\"og:type\" content=\"article\" \/>\n<meta property=\"og:title\" content=\"Accueil - Pierre Moussey\" \/>\n<meta property=\"og:description\" content=\"Page d&#039;accueil du site de Pierre Moussey, auteur, po\u00e8te, conteur, magicien et philosophie\" \/>\n<meta property=\"og:url\" content=\"https:\/\/pierremoussey.com\/\" \/>\n<meta property=\"og:site_name\" content=\"Pierre Moussey\" \/>\n<meta property=\"article:modified_time\" content=\"2020-11-30T15:32:09+00:00\" \/>\n<meta property=\"og:image\" content=\"https:\/\/pierremoussey.com\/wp-content\/uploads\/2020\/11\/Explo.png\" \/>\n<meta name=\"twitter:card\" content=\"summary_large_image\" \/>\n<meta name=\"twitter:label1\" content=\"\u00c9crit par\">\n\t<meta name=\"twitter:data1\" content=\"Pierre Moussey\">\n\t<meta name=\"twitter:label2\" content=\"Dur\u00e9e de lecture est.\">\n\t<meta name=\"twitter:data2\" content=\"4 minutes\">\n<script type=\"application\/ld+json\" class=\"yoast-schema-graph\">{\"@context\":\"https:\/\/schema.org\",\"@graph\":[{\"@type\":[\"Person\",\"Organization\"],\"@id\":\"https:\/\/pierremoussey.com\/#\/schema\/person\/59ee4ed4196abbc9d29a86b4caf9136d\",\"name\":\"Pierre Moussey\",\"image\":{\"@type\":\"ImageObject\",\"@id\":\"https:\/\/pierremoussey.com\/#personlogo\",\"inLanguage\":\"fr-FR\",\"url\":\"https:\/\/secure.gravatar.com\/avatar\/41e3ee64f2918f698851f8c91ec21f10c28944c785570ca223b94e2546b33a64?s=96&d=mm&r=g\",\"caption\":\"Pierre Moussey\"},\"logo\":{\"@id\":\"https:\/\/pierremoussey.com\/#personlogo\"},\"sameAs\":[\"https:\/\/pierremoussey.com\"]},{\"@type\":\"WebSite\",\"@id\":\"https:\/\/pierremoussey.com\/#website\",\"url\":\"https:\/\/pierremoussey.com\/\",\"name\":\"Pierre Moussey\",\"description\":\"Le site de Pierre Moussey\",\"publisher\":{\"@id\":\"https:\/\/pierremoussey.com\/#\/schema\/person\/59ee4ed4196abbc9d29a86b4caf9136d\"},\"potentialAction\":[{\"@type\":\"SearchAction\",\"target\":\"https:\/\/pierremoussey.com\/?s={search_term_string}\",\"query-input\":\"required name=search_term_string\"}],\"inLanguage\":\"fr-FR\"},{\"@type\":\"ImageObject\",\"@id\":\"https:\/\/pierremoussey.com\/#primaryimage\",\"inLanguage\":\"fr-FR\",\"url\":\"https:\/\/pierremoussey.com\/wp-content\/uploads\/2020\/11\/Explo.png\",\"width\":1004,\"height\":180},{\"@type\":\"WebPage\",\"@id\":\"https:\/\/pierremoussey.com\/#webpage\",\"url\":\"https:\/\/pierremoussey.com\/\",\"name\":\"Accueil - Pierre Moussey\",\"isPartOf\":{\"@id\":\"https:\/\/pierremoussey.com\/#website\"},\"primaryImageOfPage\":{\"@id\":\"https:\/\/pierremoussey.com\/#primaryimage\"},\"datePublished\":\"2017-02-16T08:13:19+00:00\",\"dateModified\":\"2020-11-30T15:32:09+00:00\",\"description\":\"Page d'accueil du site de Pierre Moussey, auteur, po\\u00e8te, conteur, magicien et philosophie\",\"inLanguage\":\"fr-FR\",\"potentialAction\":[{\"@type\":\"ReadAction\",\"target\":[\"https:\/\/pierremoussey.com\/\"]}]}]}<\/script>\n<!-- \/ Yoast SEO plugin. -->","_links":{"self":[{"href":"https:\/\/pierremoussey.com\/index.php?rest_route=\/wp\/v2\/pages\/36","targetHints":{"allow":["GET"]}}],"collection":[{"href":"https:\/\/pierremoussey.com\/index.php?rest_route=\/wp\/v2\/pages"}],"about":[{"href":"https:\/\/pierremoussey.com\/index.php?rest_route=\/wp\/v2\/types\/page"}],"author":[{"embeddable":true,"href":"https:\/\/pierremoussey.com\/index.php?rest_route=\/wp\/v2\/users\/1"}],"replies":[{"embeddable":true,"href":"https:\/\/pierremoussey.com\/index.php?rest_route=%2Fwp%2Fv2%2Fcomments&post=36"}],"version-history":[{"count":67,"href":"https:\/\/pierremoussey.com\/index.php?rest_route=\/wp\/v2\/pages\/36\/revisions"}],"predecessor-version":[{"id":29452,"href":"https:\/\/pierremoussey.com\/index.php?rest_route=\/wp\/v2\/pages\/36\/revisions\/29452"}],"wp:attachment":[{"href":"https:\/\/pierremoussey.com\/index.php?rest_route=%2Fwp%2Fv2%2Fmedia&parent=36"}],"curies":[{"name":"wp","href":"https:\/\/api.w.org\/{rel}","templated":true}]}}