{"id":29468,"date":"2024-05-15T14:51:47","date_gmt":"2024-05-15T12:51:47","guid":{"rendered":"https:\/\/pierremoussey.com\/?page_id=29468"},"modified":"2024-05-15T15:18:35","modified_gmt":"2024-05-15T13:18:35","slug":"le-rempart","status":"publish","type":"page","link":"https:\/\/pierremoussey.com\/?page_id=29468","title":{"rendered":"Le Rempart"},"content":{"rendered":"<p>[et_pb_section fb_built=\u00a0\u00bb1&Prime; _builder_version=\u00a0\u00bb4.4.4&Prime;][et_pb_row _builder_version=\u00a0\u00bb4.4.4&Prime;][et_pb_column type=\u00a0\u00bb4_4&Prime; _builder_version=\u00a0\u00bb4.4.4&Prime;][et_pb_text _builder_version=\u00a0\u00bb4.4.7&Prime; custom_margin=\u00a0\u00bb||-1px|||\u00a0\u00bb]<\/p>\n<h1 style=\"text-align: center;\">Le Rempart<\/h1>\n<p>[\/et_pb_text][et_pb_text _builder_version=\u00a0\u00bb4.4.4&Prime; min_height=\u00a0\u00bb38px\u00a0\u00bb custom_margin=\u00a0\u00bb-3px|||||\u00a0\u00bb custom_padding=\u00a0\u00bb7px|||||\u00a0\u00bb][\/et_pb_text][\/et_pb_column][\/et_pb_row][et_pb_row column_structure=\u00a0\u00bb1_2,1_2&Prime; _builder_version=\u00a0\u00bb4.4.7&Prime; width=\u00a0\u00bb100%\u00a0\u00bb max_width=\u00a0\u00bb1270px\u00a0\u00bb custom_margin=\u00a0\u00bb|0px||0px|false|true\u00a0\u00bb][et_pb_column type=\u00a0\u00bb1_2&Prime; _builder_version=\u00a0\u00bb4.4.4&Prime;][et_pb_text _builder_version=\u00a0\u00bb4.4.4&Prime; text_font_size=\u00a0\u00bb16px\u00a0\u00bb custom_margin=\u00a0\u00bb47px|27px||101px|false|false\u00a0\u00bb]<\/p>\n<p><span>Pierre est magicien. Depuis son enfance, il apprend des tours et s\u2019entra\u00eene \u00e0 cr\u00e9er des illusions. Mais pour lui, la magie ne se r\u00e9sume pas qu\u2019\u00e0 cela. Il existe aussi une magie qui relie les \u00eatres humains entre eux, \u00e0 leur environnement et au monde entier. Elle op\u00e8re dans les mots et se retrouve par exemple dans des phrases qui, sans qu\u2019on le d\u00e9cide, changent le cours de nos vies. <\/span><\/p>\n<p><span>Dans une histoire pleine de myst\u00e8res, Pierre retrace le parcours d\u2019un jeune magicien qui a d\u00e9cid\u00e9 de mettre son art au service de la lutte \u00e9cologique. Un instant \u00ab d\u2019enjoyeusement et d\u2019empuissantement g\u00e9n\u00e9ral \u00bb !<\/span><\/p>\n<p>[\/et_pb_text][et_pb_text _builder_version=\u00a0\u00bb4.4.7&Prime; text_font_size=\u00a0\u00bb16px\u00a0\u00bb custom_margin=\u00a0\u00bb32px|27px||101px|false|false\u00a0\u00bb]<\/p>\n<p style=\"text-align: left;\"><strong>Conception et interpr\u00e9tation :<\/strong> Pierre Moussey<\/p>\n<p style=\"text-align: left;\"><strong>Collaboration artistique :<\/strong> Lucile Beaune<\/p>\n<p style=\"text-align: left;\"><strong>Production et diffusion :<\/strong> Claire Thibault<\/p>\n<p style=\"text-align: left;\">\n<p style=\"text-align: justify;\">\n<p>[\/et_pb_text][et_pb_button button_url=\u00a0\u00bb@ET-DC@eyJkeW5hbWljIjp0cnVlLCJjb250ZW50IjoicG9zdF9saW5rX3VybF9hdHRhY2htZW50Iiwic2V0dGluZ3MiOnsicG9zdF9pZCI6IjI5NDgwIn19@\u00a0\u00bb url_new_window=\u00a0\u00bbon\u00a0\u00bb button_text=\u00a0\u00bbVoir le dossier artistique\u00a0\u00bb _builder_version=\u00a0\u00bb4.4.7&Prime; _dynamic_attributes=\u00a0\u00bbbutton_url\u00a0\u00bb custom_button=\u00a0\u00bbon\u00a0\u00bb button_text_color=\u00a0\u00bb#007fe0&Prime; button_border_color=\u00a0\u00bb#007fe0&Prime; button_use_icon=\u00a0\u00bboff\u00a0\u00bb custom_margin=\u00a0\u00bb|||184px|false|false\u00a0\u00bb button_text_color__hover_enabled=\u00a0\u00bbon|desktop\u00a0\u00bb button_bg_color__hover_enabled=\u00a0\u00bbon|desktop\u00a0\u00bb button_bg_color__hover=\u00a0\u00bb#007fe0&Prime; button_bg_enable_color__hover=\u00a0\u00bbon\u00a0\u00bb button_text_color__hover=\u00a0\u00bb#ffffff\u00a0\u00bb][\/et_pb_button][\/et_pb_column][et_pb_column type=\u00a0\u00bb1_2&Prime; _builder_version=\u00a0\u00bb4.4.4&Prime;][et_pb_image src=\u00a0\u00bbhttps:\/\/pierremoussey.com\/wp-content\/uploads\/2024\/05\/Affiche-Rempart-scaled.jpg\u00a0\u00bb title_text=\u00a0\u00bbAffiche Rempart\u00a0\u00bb align=\u00a0\u00bbcenter\u00a0\u00bb _builder_version=\u00a0\u00bb4.4.7&Prime; width=\u00a0\u00bb82%\u00a0\u00bb custom_padding=\u00a0\u00bb||0px|||\u00a0\u00bb][\/et_pb_image][\/et_pb_column][\/et_pb_row][et_pb_row _builder_version=\u00a0\u00bb4.4.7&Prime;][et_pb_column _builder_version=\u00a0\u00bb4.4.7&Prime; type=\u00a0\u00bb4_4&Prime;][et_pb_video src=\u00a0\u00bbhttps:\/\/vimeo.com\/773239123&Prime; thumbnail_overlay_color=\u00a0\u00bbrgba(0,0,0,0.6)\u00a0\u00bb _builder_version=\u00a0\u00bb4.4.7&Prime; width=\u00a0\u00bb93%\u00a0\u00bb custom_margin=\u00a0\u00bb0px|13px||13px|false|true\u00a0\u00bb custom_padding=\u00a0\u00bb|||86px|false|false\u00a0\u00bb hover_enabled=\u00a0\u00bb0&Prime;][\/et_pb_video][\/et_pb_column][\/et_pb_row][\/et_pb_section]<\/p>\n","protected":false},"excerpt":{"rendered":"<p>[et_pb_section fb_built=\u00a0\u00bb1&Prime; _builder_version=\u00a0\u00bb4.4.4&Prime;][et_pb_row _builder_version=\u00a0\u00bb4.4.4&Prime;][et_pb_column type=\u00a0\u00bb4_4&Prime; _builder_version=\u00a0\u00bb4.4.4&Prime;][et_pb_text _builder_version=\u00a0\u00bb4.4.7&Prime; custom_margin=\u00a0\u00bb||-1px|||\u00a0\u00bb] Le Rempart [\/et_pb_text][et_pb_text _builder_version=\u00a0\u00bb4.4.4&Prime; min_height=\u00a0\u00bb38px\u00a0\u00bb custom_margin=\u00a0\u00bb-3px|||||\u00a0\u00bb custom_padding=\u00a0\u00bb7px|||||\u00a0\u00bb][\/et_pb_text][\/et_pb_column][\/et_pb_row][et_pb_row column_structure=\u00a0\u00bb1_2,1_2&Prime; _builder_version=\u00a0\u00bb4.4.7&Prime; width=\u00a0\u00bb100%\u00a0\u00bb max_width=\u00a0\u00bb1270px\u00a0\u00bb custom_margin=\u00a0\u00bb|0px||0px|false|true\u00a0\u00bb][et_pb_column type=\u00a0\u00bb1_2&Prime; _builder_version=\u00a0\u00bb4.4.4&Prime;][et_pb_text _builder_version=\u00a0\u00bb4.4.4&Prime; text_font_size=\u00a0\u00bb16px\u00a0\u00bb custom_margin=\u00a0\u00bb47px|27px||101px|false|false\u00a0\u00bb] Pierre est magicien. Depuis son enfance, il apprend des tours et s\u2019entra\u00eene \u00e0 cr\u00e9er des illusions. Mais pour lui, la magie ne se r\u00e9sume pas qu\u2019\u00e0 cela. Il existe aussi [&hellip;]<\/p>\n","protected":false},"author":1,"featured_media":0,"parent":0,"menu_order":0,"comment_status":"closed","ping_status":"closed","template":"","meta":{"_et_pb_use_builder":"on","_et_pb_old_content":"","_et_gb_content_width":"","footnotes":""},"class_list":["post-29468","page","type-page","status-publish","hentry"],"yoast_head":"<!-- This site is optimized with the Yoast SEO plugin v15.3 - https:\/\/yoast.com\/wordpress\/plugins\/seo\/ -->\n<title>Le Rempart - Pierre Moussey<\/title>\n<meta name=\"description\" content=\"[et_pb_section fb_built=\u00a0\u00bb1&Prime; _builder_version=\u00a0\u00bb4.4.4&Prime;][et_pb_row _builder_version=\u00a0\u00bb4.4.4&Prime;][et_pb_column type=\u00a0\u00bb4_4&Prime; _builder_version=\u00a0\u00bb4.4.4&Prime;][et_pb_text _builder_version=\u00a0\u00bb4.4.7&Prime; custom_margin=\u00a0\u00bb||-1px|||\u00a0\u00bb] Le Rempart [\/et_pb_text][et_pb_text _builder_version=\u00a0\u00bb4.4.4&Prime; min_height=\u00a0\u00bb38px\u00a0\u00bb custom_margin=\u00a0\u00bb-3px|||||\u00a0\u00bb custom_padding=\u00a0\u00bb7px|||||\u00a0\u00bb][\/et_pb_text][\/et_pb_column][\/et_pb_row][et_pb_row column_structure=\u00a0\u00bb1_2,1_2&Prime; _builder_version=\u00a0\u00bb4.4.7&Prime; width=\u00a0\u00bb100%\u00a0\u00bb max_width=\u00a0\u00bb1270px\u00a0\u00bb custom_margin=\u00a0\u00bb|0px||0px|false|true\u00a0\u00bb][et_pb_column type=\u00a0\u00bb1_2&Prime; _builder_version=\u00a0\u00bb4.4.4&Prime;][et_pb_text _builder_version=\u00a0\u00bb4.4.4&Prime; text_font_size=\u00a0\u00bb16px\u00a0\u00bb custom_margin=\u00a0\u00bb47px|27px||101px|false|false\u00a0\u00bb] Pierre est magicien. Depuis son enfance, il apprend des tours et s\u2019entra\u00eene \u00e0 cr\u00e9er des illusions. Mais pour lui, la magie ne se r\u00e9sume pas qu\u2019\u00e0 cela. Il existe aussi [&hellip;]\" \/>\n<meta name=\"robots\" content=\"index, follow, max-snippet:-1, max-image-preview:large, max-video-preview:-1\" \/>\n<link rel=\"canonical\" href=\"https:\/\/pierremoussey.com\/?page_id=29468\" \/>\n<meta property=\"og:locale\" content=\"fr_FR\" \/>\n<meta property=\"og:type\" content=\"article\" \/>\n<meta property=\"og:title\" content=\"Le Rempart - Pierre Moussey\" \/>\n<meta property=\"og:description\" content=\"[et_pb_section fb_built=\u00a0\u00bb1&Prime; _builder_version=\u00a0\u00bb4.4.4&Prime;][et_pb_row _builder_version=\u00a0\u00bb4.4.4&Prime;][et_pb_column type=\u00a0\u00bb4_4&Prime; _builder_version=\u00a0\u00bb4.4.4&Prime;][et_pb_text _builder_version=\u00a0\u00bb4.4.7&Prime; custom_margin=\u00a0\u00bb||-1px|||\u00a0\u00bb] Le Rempart [\/et_pb_text][et_pb_text _builder_version=\u00a0\u00bb4.4.4&Prime; min_height=\u00a0\u00bb38px\u00a0\u00bb custom_margin=\u00a0\u00bb-3px|||||\u00a0\u00bb custom_padding=\u00a0\u00bb7px|||||\u00a0\u00bb][\/et_pb_text][\/et_pb_column][\/et_pb_row][et_pb_row column_structure=\u00a0\u00bb1_2,1_2&Prime; _builder_version=\u00a0\u00bb4.4.7&Prime; width=\u00a0\u00bb100%\u00a0\u00bb max_width=\u00a0\u00bb1270px\u00a0\u00bb custom_margin=\u00a0\u00bb|0px||0px|false|true\u00a0\u00bb][et_pb_column type=\u00a0\u00bb1_2&Prime; _builder_version=\u00a0\u00bb4.4.4&Prime;][et_pb_text _builder_version=\u00a0\u00bb4.4.4&Prime; text_font_size=\u00a0\u00bb16px\u00a0\u00bb custom_margin=\u00a0\u00bb47px|27px||101px|false|false\u00a0\u00bb] Pierre est magicien. Depuis son enfance, il apprend des tours et s\u2019entra\u00eene \u00e0 cr\u00e9er des illusions. Mais pour lui, la magie ne se r\u00e9sume pas qu\u2019\u00e0 cela. Il existe aussi [&hellip;]\" \/>\n<meta property=\"og:url\" content=\"https:\/\/pierremoussey.com\/?page_id=29468\" \/>\n<meta property=\"og:site_name\" content=\"Pierre Moussey\" \/>\n<meta property=\"article:modified_time\" content=\"2024-05-15T13:18:35+00:00\" \/>\n<meta name=\"twitter:card\" content=\"summary_large_image\" \/>\n<meta name=\"twitter:label1\" content=\"\u00c9crit par\">\n\t<meta name=\"twitter:data1\" content=\"Pierre Moussey\">\n\t<meta name=\"twitter:label2\" content=\"Dur\u00e9e de lecture est.\">\n\t<meta name=\"twitter:data2\" content=\"2 minutes\">\n<script type=\"application\/ld+json\" class=\"yoast-schema-graph\">{\"@context\":\"https:\/\/schema.org\",\"@graph\":[{\"@type\":[\"Person\",\"Organization\"],\"@id\":\"https:\/\/pierremoussey.com\/#\/schema\/person\/59ee4ed4196abbc9d29a86b4caf9136d\",\"name\":\"Pierre Moussey\",\"image\":{\"@type\":\"ImageObject\",\"@id\":\"https:\/\/pierremoussey.com\/#personlogo\",\"inLanguage\":\"fr-FR\",\"url\":\"https:\/\/secure.gravatar.com\/avatar\/41e3ee64f2918f698851f8c91ec21f10c28944c785570ca223b94e2546b33a64?s=96&d=mm&r=g\",\"caption\":\"Pierre Moussey\"},\"logo\":{\"@id\":\"https:\/\/pierremoussey.com\/#personlogo\"},\"sameAs\":[\"https:\/\/pierremoussey.com\"]},{\"@type\":\"WebSite\",\"@id\":\"https:\/\/pierremoussey.com\/#website\",\"url\":\"https:\/\/pierremoussey.com\/\",\"name\":\"Pierre Moussey\",\"description\":\"Le site de Pierre Moussey\",\"publisher\":{\"@id\":\"https:\/\/pierremoussey.com\/#\/schema\/person\/59ee4ed4196abbc9d29a86b4caf9136d\"},\"potentialAction\":[{\"@type\":\"SearchAction\",\"target\":\"https:\/\/pierremoussey.com\/?s={search_term_string}\",\"query-input\":\"required name=search_term_string\"}],\"inLanguage\":\"fr-FR\"},{\"@type\":\"WebPage\",\"@id\":\"https:\/\/pierremoussey.com\/?page_id=29468#webpage\",\"url\":\"https:\/\/pierremoussey.com\/?page_id=29468\",\"name\":\"Le Rempart - Pierre Moussey\",\"isPartOf\":{\"@id\":\"https:\/\/pierremoussey.com\/#website\"},\"datePublished\":\"2024-05-15T12:51:47+00:00\",\"dateModified\":\"2024-05-15T13:18:35+00:00\",\"inLanguage\":\"fr-FR\",\"potentialAction\":[{\"@type\":\"ReadAction\",\"target\":[\"https:\/\/pierremoussey.com\/?page_id=29468\"]}]}]}<\/script>\n<!-- \/ Yoast SEO plugin. -->","_links":{"self":[{"href":"https:\/\/pierremoussey.com\/index.php?rest_route=\/wp\/v2\/pages\/29468","targetHints":{"allow":["GET"]}}],"collection":[{"href":"https:\/\/pierremoussey.com\/index.php?rest_route=\/wp\/v2\/pages"}],"about":[{"href":"https:\/\/pierremoussey.com\/index.php?rest_route=\/wp\/v2\/types\/page"}],"author":[{"embeddable":true,"href":"https:\/\/pierremoussey.com\/index.php?rest_route=\/wp\/v2\/users\/1"}],"replies":[{"embeddable":true,"href":"https:\/\/pierremoussey.com\/index.php?rest_route=%2Fwp%2Fv2%2Fcomments&post=29468"}],"version-history":[{"count":6,"href":"https:\/\/pierremoussey.com\/index.php?rest_route=\/wp\/v2\/pages\/29468\/revisions"}],"predecessor-version":[{"id":29498,"href":"https:\/\/pierremoussey.com\/index.php?rest_route=\/wp\/v2\/pages\/29468\/revisions\/29498"}],"wp:attachment":[{"href":"https:\/\/pierremoussey.com\/index.php?rest_route=%2Fwp%2Fv2%2Fmedia&parent=29468"}],"curies":[{"name":"wp","href":"https:\/\/api.w.org\/{rel}","templated":true}]}}