{"id":28857,"date":"2020-05-08T18:52:37","date_gmt":"2020-05-08T16:52:37","guid":{"rendered":"https:\/\/pierremoussey.com\/?page_id=28857"},"modified":"2024-05-15T13:37:00","modified_gmt":"2024-05-15T11:37:00","slug":"qui-suis-je","status":"publish","type":"page","link":"https:\/\/pierremoussey.com\/?page_id=28857","title":{"rendered":"Qui-suis-je ?"},"content":{"rendered":"<p>[et_pb_section fb_built=\u00a0\u00bb1&Prime; admin_label=\u00a0\u00bbPage Title Section\u00a0\u00bb _builder_version=\u00a0\u00bb4.4.4&Prime; use_background_color_gradient=\u00a0\u00bbon\u00a0\u00bb background_color_gradient_start=\u00a0\u00bbrgba(49,62,71,0.8)\u00a0\u00bb background_color_gradient_end=\u00a0\u00bbrgba(49,62,71,0.23)\u00a0\u00bb background_color_gradient_overlays_image=\u00a0\u00bbon\u00a0\u00bb background_image=\u00a0\u00bbhttps:\/\/pierremoussey.com\/wp-content\/uploads\/2020\/05\/Regard-scaled.jpg\u00a0\u00bb background_position=\u00a0\u00bbtop_center\u00a0\u00bb min_height=\u00a0\u00bb148px\u00a0\u00bb custom_padding=\u00a0\u00bb0px||54px|||\u00a0\u00bb][et_pb_row _builder_version=\u00a0\u00bb4.4.4&Prime;][et_pb_column type=\u00a0\u00bb4_4&Prime; _builder_version=\u00a0\u00bb4.4.4&Prime;][\/et_pb_column][\/et_pb_row][\/et_pb_section][et_pb_section fb_built=\u00a0\u00bb1&Prime; _builder_version=\u00a0\u00bb4.4.4&Prime;][et_pb_row column_structure=\u00a0\u00bb1_5,3_5,1_5&Prime; _builder_version=\u00a0\u00bb4.4.4&Prime; width=\u00a0\u00bb89.2%\u00a0\u00bb][et_pb_column type=\u00a0\u00bb1_5&Prime; _builder_version=\u00a0\u00bb4.4.4&Prime;][\/et_pb_column][et_pb_column type=\u00a0\u00bb3_5&Prime; _builder_version=\u00a0\u00bb4.4.4&Prime;][et_pb_image src=\u00a0\u00bbhttps:\/\/pierremoussey.com\/wp-content\/uploads\/2020\/09\/b.png\u00a0\u00bb title_text=\u00a0\u00bbb\u00a0\u00bb align=\u00a0\u00bbcenter\u00a0\u00bb _builder_version=\u00a0\u00bb4.4.7&Prime; max_width=\u00a0\u00bb38%\u00a0\u00bb][\/et_pb_image][et_pb_text _builder_version=\u00a0\u00bb4.4.4&Prime; width=\u00a0\u00bb100%\u00a0\u00bb]<\/p>\n<p class=\"p1\" style=\"text-align: justify;\"><span class=\"s1\">J\u2019ai grandi au milieu des Alpes, dans un village de Haute-Savoie. De cette enfance \u00e0 courir dans les montagnes, j\u2019ai gard\u00e9 un go\u00fbt pour la contemplation, l\u2019humilit\u00e9 de me savoir n\u2019\u00eatre pas grand chose \u00e0 l\u2019\u00e9chelle d\u2019une vall\u00e9e et une grande curiosit\u00e9 pour les formes de vie autour de moi. <\/span><\/p>\n<p class=\"p1\" style=\"text-align: justify;\"><span class=\"s1\">Vers l\u2019\u00e2ge de sept ans, je d\u00e9couvre la magie et je continue de pratiquer pendant toute mon adolescence. En grandissant, je m\u2019int\u00e9resse de plus en plus \u00e0 l\u2019\u00e9trange, aux myst\u00e8res, \u00e0 tout ce qui nous \u00e9tonne, renouvelle notre attention et notre curiosit\u00e9. <\/span><\/p>\n<p class=\"p1\" style=\"text-align: justify;\"><span class=\"s1\">Pour fr\u00e9quenter ces myst\u00e8res au plus proche, je choisis d\u2019\u00e9tudier la philosophie, anim\u00e9 par un d\u00e9sir d\u2019apprendre et de comprendre. J\u2019obtiens ma licence \u00e0 l\u2019universit\u00e9 Paris 1 &#8211; Panth\u00e9on Sorbonne en 2017. <\/span><\/p>\n<p class=\"p1\" style=\"text-align: justify;\"><span class=\"s1\">En parall\u00e8le de mes \u00e9tudes, je voyage et je r\u00e9aliser un premier film documentaire sur la magie dans l\u2019imaginaire collectif en Europe, puis un second sur les Achuars en Amazonie. En 2018, j\u2019obtiens le prix Zellidja de l\u2019audiovisuel pour ces deux films.<\/span><\/p>\n<p class=\"p1\" style=\"text-align: justify;\"><span class=\"s1\">En 2017, je m\u2019int\u00e9resse de plus en plus aux arts vivants et \u00e0 l\u2019interpr\u00e9tation. Je rentre dans une \u00e9cole de th\u00e9\u00e2tre (l\u2019EDT 91) pour apprendre le m\u00e9tier de com\u00e9dien. J\u2019y rencontre des amis avec qui nous cr\u00e9ons le collectif <i>La Cahute<\/i>, en 2019. <\/span><\/p>\n<p class=\"p1\" style=\"text-align: justify;\"><span class=\"s1\">Pendant cette p\u00e9riode, je rencontre Thierry Collet et je commence \u00e0 collaborer r\u00e9guli\u00e8rement avec la compagnie <i>Le Phal\u00e8ne <\/i>d\u00e9di\u00e9e \u00e0 la magie. J\u2019invente et j\u2019anime des ateliers philo-magie et des atelier d&rsquo;\u00e9veil \u00e0 l&rsquo;esprit critique. Avec Simon Parcot, nous imaginons des randonn\u00e9es philosophiques.\u00a0<\/span><\/p>\n<p class=\"p1\" style=\"text-align: justify;\"><span class=\"s1\">En 2020, j\u2019\u00e9cris et mets en sc\u00e8ne <i>Danser sur la falaise<\/i>, un seul en sc\u00e8ne magique et po\u00e9tique. En 2022 avec le collectif la Cahute je cr\u00e9\u00e9\u00a0<em>Le Monde commence aujourd&rsquo;hui<\/em>\u00a0un spectacle musical \u00e0 partir des textes de Jacques Lusseyran. La m\u00eame ann\u00e9e, je rejoins la compagnie Index et je cr\u00e9\u00e9\u00a0<em>Le Rempart<\/em>, un spectacle de magie pour lutter contre le d\u00e9senchantement du monde.\u00a0<\/span><\/p>\n<p>[\/et_pb_text][\/et_pb_column][et_pb_column type=\u00a0\u00bb1_5&Prime; _builder_version=\u00a0\u00bb4.4.4&Prime;][\/et_pb_column][\/et_pb_row][\/et_pb_section][et_pb_section fb_built=\u00a0\u00bb1&Prime; _builder_version=\u00a0\u00bb4.4.4&Prime; use_background_color_gradient=\u00a0\u00bbon\u00a0\u00bb background_color_gradient_start=\u00a0\u00bb#2d2d2d\u00a0\u00bb background_color_gradient_end=\u00a0\u00bbrgba(0,0,0,0.04)\u00a0\u00bb background_color_gradient_direction=\u00a0\u00bb1deg\u00a0\u00bb background_color_gradient_overlays_image=\u00a0\u00bbon\u00a0\u00bb background_image=\u00a0\u00bbhttps:\/\/pierremoussey.com\/wp-content\/uploads\/2020\/05\/Magie-allonge\u0301e-scaled.jpg\u00a0\u00bb background_position=\u00a0\u00bbtop_center\u00a0\u00bb custom_padding=\u00a0\u00bb123px||5px|||\u00a0\u00bb][et_pb_row _builder_version=\u00a0\u00bb4.4.4&Prime; width=\u00a0\u00bb89.3%\u00a0\u00bb custom_margin=\u00a0\u00bb-3px|auto||100px||\u00a0\u00bb custom_padding=\u00a0\u00bb||80px|||\u00a0\u00bb][et_pb_column type=\u00a0\u00bb4_4&Prime; _builder_version=\u00a0\u00bb4.4.4&Prime;][et_pb_text admin_label=\u00a0\u00bbPage Title\u00a0\u00bb _builder_version=\u00a0\u00bb4.4.4&Prime; text_font=\u00a0\u00bb||||||||\u00a0\u00bb text_text_color=\u00a0\u00bb#000000&Prime; text_line_height=\u00a0\u00bb2em\u00a0\u00bb header_font=\u00a0\u00bbPrata||||||||\u00a0\u00bb header_font_size=\u00a0\u00bb60px\u00a0\u00bb header_line_height=\u00a0\u00bb1.6em\u00a0\u00bb header_2_font=\u00a0\u00bb||||||||\u00a0\u00bb text_orientation=\u00a0\u00bbcenter\u00a0\u00bb background_layout=\u00a0\u00bbdark\u00a0\u00bb width=\u00a0\u00bb100%\u00a0\u00bb module_alignment=\u00a0\u00bbcenter\u00a0\u00bb custom_margin=\u00a0\u00bb91px||||false|false\u00a0\u00bb animation_style=\u00a0\u00bbfade\u00a0\u00bb header_font_size_tablet=\u00a0\u00bb40px\u00a0\u00bb header_font_size_phone=\u00a0\u00bb\u00a0\u00bb header_font_size_last_edited=\u00a0\u00bbon|tablet\u00a0\u00bb text_text_shadow_style=\u00a0\u00bbpreset4&Prime; inline_fonts=\u00a0\u00bbAdamina\u00a0\u00bb]<\/p>\n<h2 class=\"p1\" style=\"text-align: center;\"><span class=\"s1\" style=\"font-family: inherit; font-weight: normal;\">Ma recherche artistique emprunte \u00e0 la po\u00e9sie et \u00e0 la philosophie, au mouvement et au r\u00e9cit, \u00e0 l\u2019absurde et \u00e0 la magie pour essayer d\u2019atteindre des formes de vertiges.<\/span><\/h2>\n<p>[\/et_pb_text][\/et_pb_column][\/et_pb_row][\/et_pb_section]<\/p>\n","protected":false},"excerpt":{"rendered":"<p>[et_pb_section fb_built=\u00a0\u00bb1&Prime; admin_label=\u00a0\u00bbPage Title Section\u00a0\u00bb _builder_version=\u00a0\u00bb4.4.4&Prime; use_background_color_gradient=\u00a0\u00bbon\u00a0\u00bb background_color_gradient_start=\u00a0\u00bbrgba(49,62,71,0.8)\u00a0\u00bb background_color_gradient_end=\u00a0\u00bbrgba(49,62,71,0.23)\u00a0\u00bb background_color_gradient_overlays_image=\u00a0\u00bbon\u00a0\u00bb background_image=\u00a0\u00bbhttps:\/\/pierremoussey.com\/wp-content\/uploads\/2020\/05\/Regard-scaled.jpg\u00a0\u00bb background_position=\u00a0\u00bbtop_center\u00a0\u00bb min_height=\u00a0\u00bb148px\u00a0\u00bb custom_padding=\u00a0\u00bb0px||54px|||\u00a0\u00bb][et_pb_row _builder_version=\u00a0\u00bb4.4.4&Prime;][et_pb_column type=\u00a0\u00bb4_4&Prime; _builder_version=\u00a0\u00bb4.4.4&Prime;][\/et_pb_column][\/et_pb_row][\/et_pb_section][et_pb_section fb_built=\u00a0\u00bb1&Prime; _builder_version=\u00a0\u00bb4.4.4&Prime;][et_pb_row column_structure=\u00a0\u00bb1_5,3_5,1_5&Prime; _builder_version=\u00a0\u00bb4.4.4&Prime; width=\u00a0\u00bb89.2%\u00a0\u00bb][et_pb_column type=\u00a0\u00bb1_5&Prime; _builder_version=\u00a0\u00bb4.4.4&Prime;][\/et_pb_column][et_pb_column type=\u00a0\u00bb3_5&Prime; _builder_version=\u00a0\u00bb4.4.4&Prime;][et_pb_image src=\u00a0\u00bbhttps:\/\/pierremoussey.com\/wp-content\/uploads\/2020\/09\/b.png\u00a0\u00bb title_text=\u00a0\u00bbb\u00a0\u00bb align=\u00a0\u00bbcenter\u00a0\u00bb _builder_version=\u00a0\u00bb4.4.7&Prime; max_width=\u00a0\u00bb38%\u00a0\u00bb][\/et_pb_image][et_pb_text _builder_version=\u00a0\u00bb4.4.4&Prime; width=\u00a0\u00bb100%\u00a0\u00bb] J\u2019ai grandi au milieu des Alpes, dans un village de Haute-Savoie. De cette enfance \u00e0 courir dans les montagnes, j\u2019ai gard\u00e9 un [&hellip;]<\/p>\n","protected":false},"author":1,"featured_media":0,"parent":0,"menu_order":0,"comment_status":"closed","ping_status":"open","template":"","meta":{"_et_pb_use_builder":"on","_et_pb_old_content":"<!-- wp:divi\/placeholder \/-->","_et_gb_content_width":"","footnotes":""},"class_list":["post-28857","page","type-page","status-publish","hentry"],"yoast_head":"<!-- This site is optimized with the Yoast SEO plugin v15.3 - https:\/\/yoast.com\/wordpress\/plugins\/seo\/ -->\n<title>Qui-suis-je ? - Pierre Moussey<\/title>\n<meta name=\"description\" content=\"[et_pb_section fb_built=\u00a0\u00bb1&Prime; admin_label=\u00a0\u00bbPage Title Section\u00a0\u00bb _builder_version=\u00a0\u00bb4.4.4&Prime; use_background_color_gradient=\u00a0\u00bbon\u00a0\u00bb background_color_gradient_start=\u00a0\u00bbrgba(49,62,71,0.8)\u00a0\u00bb background_color_gradient_end=\u00a0\u00bbrgba(49,62,71,0.23)\u00a0\u00bb background_color_gradient_overlays_image=\u00a0\u00bbon\u00a0\u00bb background_image=\u00a0\u00bbhttps:\/\/pierremoussey.com\/wp-content\/uploads\/2020\/05\/Regard-scaled.jpg\u00a0\u00bb background_position=\u00a0\u00bbtop_center\u00a0\u00bb min_height=\u00a0\u00bb148px\u00a0\u00bb custom_padding=\u00a0\u00bb0px||54px|||\u00a0\u00bb][et_pb_row _builder_version=\u00a0\u00bb4.4.4&Prime;][et_pb_column type=\u00a0\u00bb4_4&Prime; _builder_version=\u00a0\u00bb4.4.4&Prime;][\/et_pb_column][\/et_pb_row][\/et_pb_section][et_pb_section fb_built=\u00a0\u00bb1&Prime; _builder_version=\u00a0\u00bb4.4.4&Prime;][et_pb_row column_structure=\u00a0\u00bb1_5,3_5,1_5&Prime; _builder_version=\u00a0\u00bb4.4.4&Prime; width=\u00a0\u00bb89.2%\u00a0\u00bb][et_pb_column type=\u00a0\u00bb1_5&Prime; _builder_version=\u00a0\u00bb4.4.4&Prime;][\/et_pb_column][et_pb_column type=\u00a0\u00bb3_5&Prime; _builder_version=\u00a0\u00bb4.4.4&Prime;][et_pb_image src=\u00a0\u00bbhttps:\/\/pierremoussey.com\/wp-content\/uploads\/2020\/09\/b.png\u00a0\u00bb title_text=\u00a0\u00bbb\u00a0\u00bb align=\u00a0\u00bbcenter\u00a0\u00bb _builder_version=\u00a0\u00bb4.4.7&Prime; max_width=\u00a0\u00bb38%\u00a0\u00bb][\/et_pb_image][et_pb_text _builder_version=\u00a0\u00bb4.4.4&Prime; width=\u00a0\u00bb100%\u00a0\u00bb] J\u2019ai grandi au milieu des Alpes, dans un village de Haute-Savoie. De cette enfance \u00e0 courir dans les montagnes, j\u2019ai gard\u00e9 un [&hellip;]\" \/>\n<meta name=\"robots\" content=\"index, follow, max-snippet:-1, max-image-preview:large, max-video-preview:-1\" \/>\n<link rel=\"canonical\" href=\"https:\/\/pierremoussey.com\/?page_id=28857\" \/>\n<meta property=\"og:locale\" content=\"fr_FR\" \/>\n<meta property=\"og:type\" content=\"article\" \/>\n<meta property=\"og:title\" content=\"Qui-suis-je ? - Pierre Moussey\" \/>\n<meta property=\"og:description\" content=\"[et_pb_section fb_built=\u00a0\u00bb1&Prime; admin_label=\u00a0\u00bbPage Title Section\u00a0\u00bb _builder_version=\u00a0\u00bb4.4.4&Prime; use_background_color_gradient=\u00a0\u00bbon\u00a0\u00bb background_color_gradient_start=\u00a0\u00bbrgba(49,62,71,0.8)\u00a0\u00bb background_color_gradient_end=\u00a0\u00bbrgba(49,62,71,0.23)\u00a0\u00bb background_color_gradient_overlays_image=\u00a0\u00bbon\u00a0\u00bb background_image=\u00a0\u00bbhttps:\/\/pierremoussey.com\/wp-content\/uploads\/2020\/05\/Regard-scaled.jpg\u00a0\u00bb background_position=\u00a0\u00bbtop_center\u00a0\u00bb min_height=\u00a0\u00bb148px\u00a0\u00bb custom_padding=\u00a0\u00bb0px||54px|||\u00a0\u00bb][et_pb_row _builder_version=\u00a0\u00bb4.4.4&Prime;][et_pb_column type=\u00a0\u00bb4_4&Prime; _builder_version=\u00a0\u00bb4.4.4&Prime;][\/et_pb_column][\/et_pb_row][\/et_pb_section][et_pb_section fb_built=\u00a0\u00bb1&Prime; _builder_version=\u00a0\u00bb4.4.4&Prime;][et_pb_row column_structure=\u00a0\u00bb1_5,3_5,1_5&Prime; _builder_version=\u00a0\u00bb4.4.4&Prime; width=\u00a0\u00bb89.2%\u00a0\u00bb][et_pb_column type=\u00a0\u00bb1_5&Prime; _builder_version=\u00a0\u00bb4.4.4&Prime;][\/et_pb_column][et_pb_column type=\u00a0\u00bb3_5&Prime; _builder_version=\u00a0\u00bb4.4.4&Prime;][et_pb_image src=\u00a0\u00bbhttps:\/\/pierremoussey.com\/wp-content\/uploads\/2020\/09\/b.png\u00a0\u00bb title_text=\u00a0\u00bbb\u00a0\u00bb align=\u00a0\u00bbcenter\u00a0\u00bb _builder_version=\u00a0\u00bb4.4.7&Prime; max_width=\u00a0\u00bb38%\u00a0\u00bb][\/et_pb_image][et_pb_text _builder_version=\u00a0\u00bb4.4.4&Prime; width=\u00a0\u00bb100%\u00a0\u00bb] J\u2019ai grandi au milieu des Alpes, dans un village de Haute-Savoie. De cette enfance \u00e0 courir dans les montagnes, j\u2019ai gard\u00e9 un [&hellip;]\" \/>\n<meta property=\"og:url\" content=\"https:\/\/pierremoussey.com\/?page_id=28857\" \/>\n<meta property=\"og:site_name\" content=\"Pierre Moussey\" \/>\n<meta property=\"article:modified_time\" content=\"2024-05-15T11:37:00+00:00\" \/>\n<meta name=\"twitter:card\" content=\"summary_large_image\" \/>\n<meta name=\"twitter:label1\" content=\"\u00c9crit par\">\n\t<meta name=\"twitter:data1\" content=\"Pierre Moussey\">\n\t<meta name=\"twitter:label2\" content=\"Dur\u00e9e de lecture est.\">\n\t<meta name=\"twitter:data2\" content=\"3 minutes\">\n<script type=\"application\/ld+json\" class=\"yoast-schema-graph\">{\"@context\":\"https:\/\/schema.org\",\"@graph\":[{\"@type\":[\"Person\",\"Organization\"],\"@id\":\"https:\/\/pierremoussey.com\/#\/schema\/person\/59ee4ed4196abbc9d29a86b4caf9136d\",\"name\":\"Pierre Moussey\",\"image\":{\"@type\":\"ImageObject\",\"@id\":\"https:\/\/pierremoussey.com\/#personlogo\",\"inLanguage\":\"fr-FR\",\"url\":\"https:\/\/secure.gravatar.com\/avatar\/41e3ee64f2918f698851f8c91ec21f10c28944c785570ca223b94e2546b33a64?s=96&d=mm&r=g\",\"caption\":\"Pierre Moussey\"},\"logo\":{\"@id\":\"https:\/\/pierremoussey.com\/#personlogo\"},\"sameAs\":[\"https:\/\/pierremoussey.com\"]},{\"@type\":\"WebSite\",\"@id\":\"https:\/\/pierremoussey.com\/#website\",\"url\":\"https:\/\/pierremoussey.com\/\",\"name\":\"Pierre Moussey\",\"description\":\"Le site de Pierre Moussey\",\"publisher\":{\"@id\":\"https:\/\/pierremoussey.com\/#\/schema\/person\/59ee4ed4196abbc9d29a86b4caf9136d\"},\"potentialAction\":[{\"@type\":\"SearchAction\",\"target\":\"https:\/\/pierremoussey.com\/?s={search_term_string}\",\"query-input\":\"required name=search_term_string\"}],\"inLanguage\":\"fr-FR\"},{\"@type\":\"WebPage\",\"@id\":\"https:\/\/pierremoussey.com\/?page_id=28857#webpage\",\"url\":\"https:\/\/pierremoussey.com\/?page_id=28857\",\"name\":\"Qui-suis-je ? - Pierre Moussey\",\"isPartOf\":{\"@id\":\"https:\/\/pierremoussey.com\/#website\"},\"datePublished\":\"2020-05-08T16:52:37+00:00\",\"dateModified\":\"2024-05-15T11:37:00+00:00\",\"inLanguage\":\"fr-FR\",\"potentialAction\":[{\"@type\":\"ReadAction\",\"target\":[\"https:\/\/pierremoussey.com\/?page_id=28857\"]}]}]}<\/script>\n<!-- \/ Yoast SEO plugin. -->","_links":{"self":[{"href":"https:\/\/pierremoussey.com\/index.php?rest_route=\/wp\/v2\/pages\/28857","targetHints":{"allow":["GET"]}}],"collection":[{"href":"https:\/\/pierremoussey.com\/index.php?rest_route=\/wp\/v2\/pages"}],"about":[{"href":"https:\/\/pierremoussey.com\/index.php?rest_route=\/wp\/v2\/types\/page"}],"author":[{"embeddable":true,"href":"https:\/\/pierremoussey.com\/index.php?rest_route=\/wp\/v2\/users\/1"}],"replies":[{"embeddable":true,"href":"https:\/\/pierremoussey.com\/index.php?rest_route=%2Fwp%2Fv2%2Fcomments&post=28857"}],"version-history":[{"count":30,"href":"https:\/\/pierremoussey.com\/index.php?rest_route=\/wp\/v2\/pages\/28857\/revisions"}],"predecessor-version":[{"id":29467,"href":"https:\/\/pierremoussey.com\/index.php?rest_route=\/wp\/v2\/pages\/28857\/revisions\/29467"}],"wp:attachment":[{"href":"https:\/\/pierremoussey.com\/index.php?rest_route=%2Fwp%2Fv2%2Fmedia&parent=28857"}],"curies":[{"name":"wp","href":"https:\/\/api.w.org\/{rel}","templated":true}]}}