{"id":28852,"date":"2020-05-08T18:47:46","date_gmt":"2020-05-08T16:47:46","guid":{"rendered":"https:\/\/pierremoussey.com\/?page_id=28852"},"modified":"2024-05-15T15:21:45","modified_gmt":"2024-05-15T13:21:45","slug":"performances","status":"publish","type":"page","link":"https:\/\/pierremoussey.com\/?page_id=28852","title":{"rendered":"Performances"},"content":{"rendered":"<p>[et_pb_section fb_built=\u00a0\u00bb1&Prime; _builder_version=\u00a0\u00bb4.4.4&Prime; custom_margin=\u00a0\u00bb-55px||||false|false\u00a0\u00bb][et_pb_row _builder_version=\u00a0\u00bb4.4.4&Prime; custom_padding=\u00a0\u00bb18px|||||\u00a0\u00bb][et_pb_column type=\u00a0\u00bb4_4&Prime; _builder_version=\u00a0\u00bb4.4.4&Prime;][et_pb_text _builder_version=\u00a0\u00bb4.4.4&Prime; text_font=\u00a0\u00bb||||||||\u00a0\u00bb text_line_height=\u00a0\u00bb2em\u00a0\u00bb custom_margin=\u00a0\u00bb35px||0px||false|false\u00a0\u00bb custom_padding=\u00a0\u00bb35px||20px||false|false\u00a0\u00bb border_width_top=\u00a0\u00bb1px\u00a0\u00bb border_width_bottom=\u00a0\u00bb1px\u00a0\u00bb]<\/p>\n<h5 style=\"text-align: left;\"><strong>\/Performance\/:<\/strong> Moment unique et partag\u00e9, pour se surprendre et jouer avec sa curiosit\u00e9<\/h5>\n<p>[\/et_pb_text][\/et_pb_column][\/et_pb_row][et_pb_row column_structure=\u00a0\u00bb1_2,1_2&Prime; _builder_version=\u00a0\u00bb4.4.4&Prime;][et_pb_column type=\u00a0\u00bb1_2&Prime; _builder_version=\u00a0\u00bb4.4.4&Prime;][et_pb_cta title=\u00a0\u00bbRando philo\u00a0\u00bb button_url=\u00a0\u00bbhttps:\/\/pierremoussey.com\/rando-philo\/\u00a0\u00bb button_text=\u00a0\u00bbEn savoir plus\u00a0\u00bb _builder_version=\u00a0\u00bb4.4.4&Prime; background_enable_color=\u00a0\u00bboff\u00a0\u00bb background_image=\u00a0\u00bbhttps:\/\/pierremoussey.com\/wp-content\/uploads\/2020\/05\/Rando.jpg\u00a0\u00bb custom_button=\u00a0\u00bbon\u00a0\u00bb button_font=\u00a0\u00bb||||||||\u00a0\u00bb button_use_icon=\u00a0\u00bboff\u00a0\u00bb min_height=\u00a0\u00bb280px\u00a0\u00bb button_letter_spacing_last_edited=\u00a0\u00bboff|desktop\u00a0\u00bb body_text_shadow_style=\u00a0\u00bbpreset4&Prime; button_text__hover_enabled=\u00a0\u00bbon|hover\u00a0\u00bb background__hover_enabled=\u00a0\u00bbon|hover\u00a0\u00bb button_bg_color__hover_enabled=\u00a0\u00bbon|hover\u00a0\u00bb button_text_size__hover_enabled=\u00a0\u00bbon|hover\u00a0\u00bb button_text_color__hover_enabled=\u00a0\u00bbon|hover\u00a0\u00bb button_letter_spacing__hover_enabled=\u00a0\u00bbon|desktop\u00a0\u00bb button_bg_color__hover=\u00a0\u00bb#ffffff\u00a0\u00bb button_bg_enable_color__hover=\u00a0\u00bbon\u00a0\u00bb button_text_color__hover=\u00a0\u00bb#000000&Prime;]<\/p>\n<p class=\"p1\"><span class=\"s1\"><\/span><\/p>\n<p class=\"p1\"><span class=\"s1\"><\/span><\/p>\n<p class=\"p1\"><span class=\"s1\"><\/span><\/p>\n<p class=\"p1\"><span class=\"s1\">Une exp\u00e9rience philosophique \u00e0 l&rsquo;air libre et en mouvement, accessible et d\u00e9concertante, collective et jubilatoire.<\/span><\/p>\n<p>[\/et_pb_cta][et_pb_cta title=\u00a0\u00bbMyst\u00e8res mentales\u00a0\u00bb button_url=\u00a0\u00bbhttps:\/\/pierremoussey.com\/mysteres-mentales\u00a0\u00bb button_text=\u00a0\u00bbEn savoir plus\u00a0\u00bb _builder_version=\u00a0\u00bb4.4.7&Prime; background_color=\u00a0\u00bb#0da0c5&Prime; background_image=\u00a0\u00bbhttps:\/\/pierremoussey.com\/wp-content\/uploads\/2020\/05\/pense\u0301e.jpg\u00a0\u00bb custom_button=\u00a0\u00bbon\u00a0\u00bb button_font=\u00a0\u00bb||||||||\u00a0\u00bb button_use_icon=\u00a0\u00bboff\u00a0\u00bb min_height=\u00a0\u00bb280px\u00a0\u00bb header_text_shadow_style=\u00a0\u00bbpreset4&Prime; header_text_shadow_vertical_length=\u00a0\u00bb0.03em\u00a0\u00bb header_text_shadow_color=\u00a0\u00bb#000000&Prime; body_text_shadow_style=\u00a0\u00bbpreset4&Prime; body_text_shadow_vertical_length=\u00a0\u00bb0.04em\u00a0\u00bb body_text_shadow_color=\u00a0\u00bb#000000&Prime; button_text__hover_enabled=\u00a0\u00bbon|hover\u00a0\u00bb button_bg_color__hover_enabled=\u00a0\u00bbon|hover\u00a0\u00bb button_text_size__hover_enabled=\u00a0\u00bbon|desktop\u00a0\u00bb button_text_color__hover_enabled=\u00a0\u00bbon|hover\u00a0\u00bb button_letter_spacing__hover_enabled=\u00a0\u00bbon|desktop\u00a0\u00bb button_bg_color__hover=\u00a0\u00bb#ffffff\u00a0\u00bb button_bg_enable_color__hover=\u00a0\u00bbon\u00a0\u00bb button_text_color__hover=\u00a0\u00bb#000000&Prime; background__hover_enabled=\u00a0\u00bbon|hover\u00a0\u00bb]<\/p>\n<p>&nbsp;<\/p>\n<p>Une plong\u00e9e dans l&rsquo;univers du mentalisme<\/p>\n<p>[\/et_pb_cta][\/et_pb_column][et_pb_column type=\u00a0\u00bb1_2&Prime; _builder_version=\u00a0\u00bb4.4.4&Prime;][et_pb_cta title=\u00a0\u00bbSortil\u00e8ges \u00e0 la table\u00a0\u00bb button_url=\u00a0\u00bbhttps:\/\/pierremoussey.com\/sortileges-a-la-table\u00a0\u00bb button_text=\u00a0\u00bbEn savoir plus\u00a0\u00bb _builder_version=\u00a0\u00bb4.4.7&Prime; background_enable_color=\u00a0\u00bboff\u00a0\u00bb background_image=\u00a0\u00bbhttps:\/\/pierremoussey.com\/wp-content\/uploads\/2024\/05\/PierreMoussey1-Credit-Arthur-Chevallier-scaled.jpg\u00a0\u00bb custom_button=\u00a0\u00bbon\u00a0\u00bb button_font=\u00a0\u00bb||||||||\u00a0\u00bb button_use_icon=\u00a0\u00bboff\u00a0\u00bb min_height=\u00a0\u00bb280px\u00a0\u00bb hover_enabled=\u00a0\u00bb0&Prime; button_letter_spacing_last_edited=\u00a0\u00bboff|desktop\u00a0\u00bb body_text_shadow_style=\u00a0\u00bbpreset4&Prime; button_text__hover_enabled=\u00a0\u00bbon|hover\u00a0\u00bb background__hover_enabled=\u00a0\u00bbon|hover\u00a0\u00bb button_bg_color__hover_enabled=\u00a0\u00bbon|hover\u00a0\u00bb button_text_size__hover_enabled=\u00a0\u00bbon|hover\u00a0\u00bb button_text_color__hover_enabled=\u00a0\u00bbon|hover\u00a0\u00bb button_letter_spacing__hover_enabled=\u00a0\u00bbon|desktop\u00a0\u00bb button_bg_color__hover=\u00a0\u00bb#ffffff\u00a0\u00bb button_bg_enable_color__hover=\u00a0\u00bbon\u00a0\u00bb button_text_color__hover=\u00a0\u00bb#000000&Prime; title_text=\u00a0\u00bbPierreMoussey1 &#8211; Cr\u00e9dit Arthur Chevallier\u00a0\u00bb]<\/p>\n<p class=\"p1\">Une performance de magie des cartes juste sous vos yeux.<\/p>\n<p>[\/et_pb_cta][\/et_pb_column][\/et_pb_row][\/et_pb_section]<\/p>\n","protected":false},"excerpt":{"rendered":"<p>[et_pb_section fb_built=\u00a0\u00bb1&Prime; _builder_version=\u00a0\u00bb4.4.4&Prime; custom_margin=\u00a0\u00bb-55px||||false|false\u00a0\u00bb][et_pb_row _builder_version=\u00a0\u00bb4.4.4&Prime; custom_padding=\u00a0\u00bb18px|||||\u00a0\u00bb][et_pb_column type=\u00a0\u00bb4_4&Prime; _builder_version=\u00a0\u00bb4.4.4&Prime;][et_pb_text _builder_version=\u00a0\u00bb4.4.4&Prime; text_font=\u00a0\u00bb||||||||\u00a0\u00bb text_line_height=\u00a0\u00bb2em\u00a0\u00bb custom_margin=\u00a0\u00bb35px||0px||false|false\u00a0\u00bb custom_padding=\u00a0\u00bb35px||20px||false|false\u00a0\u00bb border_width_top=\u00a0\u00bb1px\u00a0\u00bb border_width_bottom=\u00a0\u00bb1px\u00a0\u00bb] \/Performance\/: Moment unique et partag\u00e9, pour se surprendre et jouer avec sa curiosit\u00e9 [\/et_pb_text][\/et_pb_column][\/et_pb_row][et_pb_row column_structure=\u00a0\u00bb1_2,1_2&Prime; _builder_version=\u00a0\u00bb4.4.4&Prime;][et_pb_column type=\u00a0\u00bb1_2&Prime; _builder_version=\u00a0\u00bb4.4.4&Prime;][et_pb_cta title=\u00a0\u00bbRando philo\u00a0\u00bb button_url=\u00a0\u00bbhttps:\/\/pierremoussey.com\/rando-philo\/\u00a0\u00bb button_text=\u00a0\u00bbEn savoir plus\u00a0\u00bb _builder_version=\u00a0\u00bb4.4.4&Prime; background_enable_color=\u00a0\u00bboff\u00a0\u00bb background_image=\u00a0\u00bbhttps:\/\/pierremoussey.com\/wp-content\/uploads\/2020\/05\/Rando.jpg\u00a0\u00bb custom_button=\u00a0\u00bbon\u00a0\u00bb button_font=\u00a0\u00bb||||||||\u00a0\u00bb button_use_icon=\u00a0\u00bboff\u00a0\u00bb min_height=\u00a0\u00bb280px\u00a0\u00bb button_letter_spacing_last_edited=\u00a0\u00bboff|desktop\u00a0\u00bb body_text_shadow_style=\u00a0\u00bbpreset4&Prime; button_text__hover_enabled=\u00a0\u00bbon|hover\u00a0\u00bb background__hover_enabled=\u00a0\u00bbon|hover\u00a0\u00bb button_bg_color__hover_enabled=\u00a0\u00bbon|hover\u00a0\u00bb button_text_size__hover_enabled=\u00a0\u00bbon|hover\u00a0\u00bb button_text_color__hover_enabled=\u00a0\u00bbon|hover\u00a0\u00bb button_letter_spacing__hover_enabled=\u00a0\u00bbon|desktop\u00a0\u00bb button_bg_color__hover=\u00a0\u00bb#ffffff\u00a0\u00bb [&hellip;]<\/p>\n","protected":false},"author":1,"featured_media":0,"parent":0,"menu_order":0,"comment_status":"closed","ping_status":"open","template":"","meta":{"_et_pb_use_builder":"on","_et_pb_old_content":"","_et_gb_content_width":"","footnotes":""},"class_list":["post-28852","page","type-page","status-publish","hentry"],"yoast_head":"<!-- This site is optimized with the Yoast SEO plugin v15.3 - https:\/\/yoast.com\/wordpress\/plugins\/seo\/ -->\n<title>Performances - Pierre Moussey<\/title>\n<meta name=\"description\" content=\"[et_pb_section fb_built=\u00a0\u00bb1&Prime; _builder_version=\u00a0\u00bb4.4.4&Prime; custom_margin=\u00a0\u00bb-55px||||false|false\u00a0\u00bb][et_pb_row _builder_version=\u00a0\u00bb4.4.4&Prime; custom_padding=\u00a0\u00bb18px|||||\u00a0\u00bb][et_pb_column type=\u00a0\u00bb4_4&Prime; _builder_version=\u00a0\u00bb4.4.4&Prime;][et_pb_text _builder_version=\u00a0\u00bb4.4.4&Prime; text_font=\u00a0\u00bb||||||||\u00a0\u00bb text_line_height=\u00a0\u00bb2em\u00a0\u00bb custom_margin=\u00a0\u00bb35px||0px||false|false\u00a0\u00bb custom_padding=\u00a0\u00bb35px||20px||false|false\u00a0\u00bb border_width_top=\u00a0\u00bb1px\u00a0\u00bb border_width_bottom=\u00a0\u00bb1px\u00a0\u00bb] \/Performance\/: Moment unique et partag\u00e9, pour se surprendre et jouer avec sa curiosit\u00e9 [\/et_pb_text][\/et_pb_column][\/et_pb_row][et_pb_row column_structure=\u00a0\u00bb1_2,1_2&Prime; _builder_version=\u00a0\u00bb4.4.4&Prime;][et_pb_column type=\u00a0\u00bb1_2&Prime; _builder_version=\u00a0\u00bb4.4.4&Prime;][et_pb_cta title=\u00a0\u00bbRando philo\u00a0\u00bb button_url=\u00a0\u00bbhttps:\/\/pierremoussey.com\/rando-philo\/\u00a0\u00bb button_text=\u00a0\u00bbEn savoir plus\u00a0\u00bb _builder_version=\u00a0\u00bb4.4.4&Prime; background_enable_color=\u00a0\u00bboff\u00a0\u00bb background_image=\u00a0\u00bbhttps:\/\/pierremoussey.com\/wp-content\/uploads\/2020\/05\/Rando.jpg\u00a0\u00bb custom_button=\u00a0\u00bbon\u00a0\u00bb button_font=\u00a0\u00bb||||||||\u00a0\u00bb button_use_icon=\u00a0\u00bboff\u00a0\u00bb min_height=\u00a0\u00bb280px\u00a0\u00bb button_letter_spacing_last_edited=\u00a0\u00bboff|desktop\u00a0\u00bb body_text_shadow_style=\u00a0\u00bbpreset4&Prime; button_text__hover_enabled=\u00a0\u00bbon|hover\u00a0\u00bb background__hover_enabled=\u00a0\u00bbon|hover\u00a0\u00bb button_bg_color__hover_enabled=\u00a0\u00bbon|hover\u00a0\u00bb button_text_size__hover_enabled=\u00a0\u00bbon|hover\u00a0\u00bb button_text_color__hover_enabled=\u00a0\u00bbon|hover\u00a0\u00bb button_letter_spacing__hover_enabled=\u00a0\u00bbon|desktop\u00a0\u00bb button_bg_color__hover=\u00a0\u00bb#ffffff\u00a0\u00bb [&hellip;]\" \/>\n<meta name=\"robots\" content=\"index, follow, max-snippet:-1, max-image-preview:large, max-video-preview:-1\" \/>\n<link rel=\"canonical\" href=\"https:\/\/pierremoussey.com\/?page_id=28852\" \/>\n<meta property=\"og:locale\" content=\"fr_FR\" \/>\n<meta property=\"og:type\" content=\"article\" \/>\n<meta property=\"og:title\" content=\"Performances - Pierre Moussey\" \/>\n<meta property=\"og:description\" content=\"[et_pb_section fb_built=\u00a0\u00bb1&Prime; _builder_version=\u00a0\u00bb4.4.4&Prime; custom_margin=\u00a0\u00bb-55px||||false|false\u00a0\u00bb][et_pb_row _builder_version=\u00a0\u00bb4.4.4&Prime; custom_padding=\u00a0\u00bb18px|||||\u00a0\u00bb][et_pb_column type=\u00a0\u00bb4_4&Prime; _builder_version=\u00a0\u00bb4.4.4&Prime;][et_pb_text _builder_version=\u00a0\u00bb4.4.4&Prime; text_font=\u00a0\u00bb||||||||\u00a0\u00bb text_line_height=\u00a0\u00bb2em\u00a0\u00bb custom_margin=\u00a0\u00bb35px||0px||false|false\u00a0\u00bb custom_padding=\u00a0\u00bb35px||20px||false|false\u00a0\u00bb border_width_top=\u00a0\u00bb1px\u00a0\u00bb border_width_bottom=\u00a0\u00bb1px\u00a0\u00bb] \/Performance\/: Moment unique et partag\u00e9, pour se surprendre et jouer avec sa curiosit\u00e9 [\/et_pb_text][\/et_pb_column][\/et_pb_row][et_pb_row column_structure=\u00a0\u00bb1_2,1_2&Prime; _builder_version=\u00a0\u00bb4.4.4&Prime;][et_pb_column type=\u00a0\u00bb1_2&Prime; _builder_version=\u00a0\u00bb4.4.4&Prime;][et_pb_cta title=\u00a0\u00bbRando philo\u00a0\u00bb button_url=\u00a0\u00bbhttps:\/\/pierremoussey.com\/rando-philo\/\u00a0\u00bb button_text=\u00a0\u00bbEn savoir plus\u00a0\u00bb _builder_version=\u00a0\u00bb4.4.4&Prime; background_enable_color=\u00a0\u00bboff\u00a0\u00bb background_image=\u00a0\u00bbhttps:\/\/pierremoussey.com\/wp-content\/uploads\/2020\/05\/Rando.jpg\u00a0\u00bb custom_button=\u00a0\u00bbon\u00a0\u00bb button_font=\u00a0\u00bb||||||||\u00a0\u00bb button_use_icon=\u00a0\u00bboff\u00a0\u00bb min_height=\u00a0\u00bb280px\u00a0\u00bb button_letter_spacing_last_edited=\u00a0\u00bboff|desktop\u00a0\u00bb body_text_shadow_style=\u00a0\u00bbpreset4&Prime; button_text__hover_enabled=\u00a0\u00bbon|hover\u00a0\u00bb background__hover_enabled=\u00a0\u00bbon|hover\u00a0\u00bb button_bg_color__hover_enabled=\u00a0\u00bbon|hover\u00a0\u00bb button_text_size__hover_enabled=\u00a0\u00bbon|hover\u00a0\u00bb button_text_color__hover_enabled=\u00a0\u00bbon|hover\u00a0\u00bb button_letter_spacing__hover_enabled=\u00a0\u00bbon|desktop\u00a0\u00bb button_bg_color__hover=\u00a0\u00bb#ffffff\u00a0\u00bb [&hellip;]\" \/>\n<meta property=\"og:url\" content=\"https:\/\/pierremoussey.com\/?page_id=28852\" \/>\n<meta property=\"og:site_name\" content=\"Pierre Moussey\" \/>\n<meta property=\"article:modified_time\" content=\"2024-05-15T13:21:45+00:00\" \/>\n<meta name=\"twitter:card\" content=\"summary_large_image\" \/>\n<meta name=\"twitter:label1\" content=\"\u00c9crit par\">\n\t<meta name=\"twitter:data1\" content=\"Pierre Moussey\">\n\t<meta name=\"twitter:label2\" content=\"Dur\u00e9e de lecture est.\">\n\t<meta name=\"twitter:data2\" content=\"2 minutes\">\n<script type=\"application\/ld+json\" class=\"yoast-schema-graph\">{\"@context\":\"https:\/\/schema.org\",\"@graph\":[{\"@type\":[\"Person\",\"Organization\"],\"@id\":\"https:\/\/pierremoussey.com\/#\/schema\/person\/59ee4ed4196abbc9d29a86b4caf9136d\",\"name\":\"Pierre Moussey\",\"image\":{\"@type\":\"ImageObject\",\"@id\":\"https:\/\/pierremoussey.com\/#personlogo\",\"inLanguage\":\"fr-FR\",\"url\":\"https:\/\/secure.gravatar.com\/avatar\/41e3ee64f2918f698851f8c91ec21f10c28944c785570ca223b94e2546b33a64?s=96&d=mm&r=g\",\"caption\":\"Pierre Moussey\"},\"logo\":{\"@id\":\"https:\/\/pierremoussey.com\/#personlogo\"},\"sameAs\":[\"https:\/\/pierremoussey.com\"]},{\"@type\":\"WebSite\",\"@id\":\"https:\/\/pierremoussey.com\/#website\",\"url\":\"https:\/\/pierremoussey.com\/\",\"name\":\"Pierre Moussey\",\"description\":\"Le site de Pierre Moussey\",\"publisher\":{\"@id\":\"https:\/\/pierremoussey.com\/#\/schema\/person\/59ee4ed4196abbc9d29a86b4caf9136d\"},\"potentialAction\":[{\"@type\":\"SearchAction\",\"target\":\"https:\/\/pierremoussey.com\/?s={search_term_string}\",\"query-input\":\"required name=search_term_string\"}],\"inLanguage\":\"fr-FR\"},{\"@type\":\"WebPage\",\"@id\":\"https:\/\/pierremoussey.com\/?page_id=28852#webpage\",\"url\":\"https:\/\/pierremoussey.com\/?page_id=28852\",\"name\":\"Performances - Pierre Moussey\",\"isPartOf\":{\"@id\":\"https:\/\/pierremoussey.com\/#website\"},\"datePublished\":\"2020-05-08T16:47:46+00:00\",\"dateModified\":\"2024-05-15T13:21:45+00:00\",\"inLanguage\":\"fr-FR\",\"potentialAction\":[{\"@type\":\"ReadAction\",\"target\":[\"https:\/\/pierremoussey.com\/?page_id=28852\"]}]}]}<\/script>\n<!-- \/ Yoast SEO plugin. -->","_links":{"self":[{"href":"https:\/\/pierremoussey.com\/index.php?rest_route=\/wp\/v2\/pages\/28852","targetHints":{"allow":["GET"]}}],"collection":[{"href":"https:\/\/pierremoussey.com\/index.php?rest_route=\/wp\/v2\/pages"}],"about":[{"href":"https:\/\/pierremoussey.com\/index.php?rest_route=\/wp\/v2\/types\/page"}],"author":[{"embeddable":true,"href":"https:\/\/pierremoussey.com\/index.php?rest_route=\/wp\/v2\/users\/1"}],"replies":[{"embeddable":true,"href":"https:\/\/pierremoussey.com\/index.php?rest_route=%2Fwp%2Fv2%2Fcomments&post=28852"}],"version-history":[{"count":15,"href":"https:\/\/pierremoussey.com\/index.php?rest_route=\/wp\/v2\/pages\/28852\/revisions"}],"predecessor-version":[{"id":29501,"href":"https:\/\/pierremoussey.com\/index.php?rest_route=\/wp\/v2\/pages\/28852\/revisions\/29501"}],"wp:attachment":[{"href":"https:\/\/pierremoussey.com\/index.php?rest_route=%2Fwp%2Fv2%2Fmedia&parent=28852"}],"curies":[{"name":"wp","href":"https:\/\/api.w.org\/{rel}","templated":true}]}}